{"id":722,"date":"2025-07-25T15:20:32","date_gmt":"2025-07-25T13:20:32","guid":{"rendered":"https:\/\/www.ignitera.com\/?page_id=722"},"modified":"2025-09-12T17:32:34","modified_gmt":"2025-09-12T15:32:34","slug":"mentions-legales","status":"publish","type":"page","link":"https:\/\/www.ignitera.com\/fr_fr\/mentions-legales\/","title":{"rendered":"Mentions l\u00e9gales"},"content":{"rendered":"<p>[et_pb_section fb_built=\u00a0\u00bb1&Prime; _builder_version=\u00a0\u00bb4.27.4&Prime; _module_preset=\u00a0\u00bbdefault\u00a0\u00bb global_colors_info=\u00a0\u00bb{}\u00a0\u00bb][et_pb_row _builder_version=\u00a0\u00bb4.27.4&Prime; _module_preset=\u00a0\u00bbdefault\u00a0\u00bb global_colors_info=\u00a0\u00bb{}\u00a0\u00bb][et_pb_column type=\u00a0\u00bb4_4&Prime; _builder_version=\u00a0\u00bb4.27.4&Prime; _module_preset=\u00a0\u00bbdefault\u00a0\u00bb global_colors_info=\u00a0\u00bb{}\u00a0\u00bb][et_pb_text _builder_version=\u00a0\u00bb4.27.4&Prime; _module_preset=\u00a0\u00bbdefault\u00a0\u00bb global_colors_info=\u00a0\u00bb{}\u00a0\u00bb]<\/p>\n<h1 style=\"text-align: left;\"><span><strong>Mentions l\u00e9gales<\/strong><\/span><span><strong><\/strong><\/span><\/h1>\n<p>[\/et_pb_text][et_pb_text _builder_version=\u00a0\u00bb4.27.4&Prime; _module_preset=\u00a0\u00bbdefault\u00a0\u00bb hover_enabled=\u00a0\u00bb0&Prime; global_colors_info=\u00a0\u00bb{}\u00a0\u00bb sticky_enabled=\u00a0\u00bb0&Prime;]<\/p>\n<p data-start=\"224\" data-end=\"417\" style=\"text-align: left;\"><strong data-start=\"224\" data-end=\"236\">Ignitera<\/strong> est une entreprise sp\u00e9cialis\u00e9e dans les <strong data-start=\"277\" data-end=\"344\">activit\u00e9s de direction strat\u00e9gique et de pilotage d\u2019entreprises<\/strong>.<br data-start=\"345\" data-end=\"348\" \/>Elle est bas\u00e9e \u00e0 Marseille, en France.<\/p>\n<p data-start=\"419\" data-end=\"684\" style=\"text-align: left;\">En vertu de l\u2019article 6 de la loi n\u00b0 2004-575 du 21 juin 2004 pour la confiance dans l\u2019\u00e9conomie num\u00e9rique, il est pr\u00e9cis\u00e9 aux utilisateurs du site internet <strong data-start=\"575\" data-end=\"595\"><a data-start=\"577\" data-end=\"593\" rel=\"noopener\" target=\"_new\" class=\"cursor-pointer\">www.ignitera.com<\/a><\/strong> l\u2019identit\u00e9 des diff\u00e9rents intervenants dans le cadre de sa r\u00e9alisation et de son suivi :<\/p>\n<h3 data-start=\"691\" data-end=\"713\" style=\"text-align: left;\"><strong data-start=\"695\" data-end=\"711\">Propri\u00e9taire<\/strong><\/h3>\n<p data-start=\"714\" data-end=\"1084\" style=\"text-align: left;\"><strong data-start=\"714\" data-end=\"726\">Ignitera<\/strong> \u2013 Soci\u00e9t\u00e9 par actions simplifi\u00e9e (SAS)<br data-start=\"765\" data-end=\"768\" \/>SIREN : 978 652 386 \u2013 SIRET : 978 652 386 00019 <br data-start=\"1024\" data-end=\"1027\" \/>Email : <strong data-start=\"1035\" data-end=\"1052\">contact@ignitera.com<\/strong><br data-start=\"1052\" data-end=\"1055\" \/>T\u00e9l\u00e9phone : +33 (0)6 52 28 29 51<\/p>\n<h3 data-start=\"1091\" data-end=\"1130\" style=\"text-align: left;\"><strong data-start=\"1095\" data-end=\"1128\">Responsable de la publication<\/strong><\/h3>\n<p data-start=\"1131\" data-end=\"1173\" style=\"text-align: left;\">S\u00e9bastien Telouk\u00a0\u2013 sebastien @ ignitera.com<\/p>\n<h3 data-start=\"1246\" data-end=\"1265\" style=\"text-align: left;\"><strong data-start=\"1250\" data-end=\"1263\">H\u00e9bergeur<\/strong><\/h3>\n<p data-start=\"1266\" data-end=\"1363\" style=\"text-align: left;\"><strong data-start=\"1266\" data-end=\"1300\">OVH\u00a0<\/strong><br data-start=\"1300\" data-end=\"1303\" \/><span>2 rue Kellermann &#8211; 59100 Roubaix &#8211; France<\/span><\/p>\n<h3 data-start=\"1370\" data-end=\"1421\" style=\"text-align: left;\"><strong data-start=\"1374\" data-end=\"1419\">D\u00e9l\u00e9gu\u00e9 \u00e0 la protection des donn\u00e9es (DPO)<\/strong><\/h3>\n<p data-start=\"1422\" data-end=\"1457\" style=\"text-align: left;\">C\u00e9dric Messeguer \u2013 cedric @ ignitera.com<\/p>\n<h3 data-start=\"1464\" data-end=\"1522\" style=\"text-align: left;\"><strong data-start=\"1467\" data-end=\"1522\">Propri\u00e9t\u00e9 intellectuelle et cr\u00e9dits photographiques<\/strong><\/h3>\n<p data-start=\"1524\" data-end=\"1757\" style=\"text-align: left;\">Les textes, images, vid\u00e9os, illustrations et tout contenu diffus\u00e9 sur le site <strong data-start=\"1602\" data-end=\"1622\"><a data-start=\"1604\" data-end=\"1620\" rel=\"noopener\" target=\"_new\" class=\"cursor-pointer\">www.ignitera.com<\/a><\/strong> sont prot\u00e9g\u00e9s au titre du droit de la propri\u00e9t\u00e9 intellectuelle. Ils sont la propri\u00e9t\u00e9 exclusive de <strong data-start=\"1722\" data-end=\"1734\">Ignitera<\/strong> ou de ses partenaires.<\/p>\n<p data-start=\"1759\" data-end=\"1962\" style=\"text-align: left;\">Toute reproduction, repr\u00e9sentation, modification ou adaptation de tout ou partie du site, quel que soit le moyen ou le proc\u00e9d\u00e9 utilis\u00e9, est interdite sans l\u2019autorisation \u00e9crite pr\u00e9alable de <strong data-start=\"1949\" data-end=\"1961\">Ignitera<\/strong>.<\/p>\n<p data-start=\"1964\" data-end=\"2114\" style=\"text-align: left;\">Toutes les marques, logos ou autres signes distinctifs qui apparaissent sur le site sont prot\u00e9g\u00e9s et sont la propri\u00e9t\u00e9 de leurs titulaires respectifs.<\/p>\n<h3 data-start=\"2121\" data-end=\"2152\" style=\"text-align: left;\"><strong data-start=\"2124\" data-end=\"2152\">Informatique et libert\u00e9s<\/strong><\/h3>\n<p data-start=\"2154\" data-end=\"2318\" style=\"text-align: left;\">Pour plus d\u2019informations sur la collecte, le traitement et la conservation de vos donn\u00e9es personnelles, veuillez consulter notre<a href=\"https:\/\/www.ignitera.com\/fr_fr\/politique-de-confidentialite\/\"> <strong data-start=\"2283\" data-end=\"2317\">Politique de confidentialit\u00e9<\/strong>.<\/a><\/p>\n<h3 data-start=\"2325\" data-end=\"2349\" style=\"text-align: left;\"><strong data-start=\"2328\" data-end=\"2349\">Liens hypertextes<\/strong><\/h3>\n<p data-start=\"2351\" data-end=\"2610\" style=\"text-align: left;\">La mise en place de liens hypertextes vers le site <strong data-start=\"2402\" data-end=\"2422\"><a data-start=\"2404\" data-end=\"2420\" rel=\"noopener\" target=\"_new\" class=\"cursor-pointer\">www.ignitera.com<\/a><\/strong> est libre.<br data-start=\"2433\" data-end=\"2436\" \/>Cependant, la soci\u00e9t\u00e9 <strong data-start=\"2458\" data-end=\"2470\">Ignitera<\/strong> d\u00e9cline toute responsabilit\u00e9 concernant le contenu des sites tiers vers lesquels elle redirige, ou qui redirigent vers elle, via ces liens.<\/p>\n<p data-start=\"2617\" data-end=\"2659\" style=\"text-align: left;\"><strong data-start=\"2617\" data-end=\"2641\"><\/strong><\/p>\n<p data-start=\"2617\" data-end=\"2659\" style=\"text-align: left;\"><strong data-start=\"2617\" data-end=\"2641\">Derni\u00e8re mise \u00e0 jour<\/strong> : septembre 2025<\/p>\n<p>[\/et_pb_text][\/et_pb_column][\/et_pb_row][\/et_pb_section]<\/p>\n","protected":false},"excerpt":{"rendered":"<p>Mentions l\u00e9galesIgnitera est une entreprise sp\u00e9cialis\u00e9e dans les activit\u00e9s de direction strat\u00e9gique et de pilotage d\u2019entreprises.Elle est bas\u00e9e \u00e0 Marseille, en France. En vertu de l\u2019article 6 de la loi n\u00b0 2004-575 du 21 juin 2004 pour la confiance dans l\u2019\u00e9conomie num\u00e9rique, il est pr\u00e9cis\u00e9 aux utilisateurs du site internet www.ignitera.com l\u2019identit\u00e9 des diff\u00e9rents intervenants [&hellip;]<\/p>\n","protected":false},"author":7,"featured_media":0,"parent":0,"menu_order":0,"comment_status":"closed","ping_status":"closed","template":"","meta":{"_et_pb_use_builder":"on","_et_pb_old_content":"","_et_gb_content_width":"","content-type":"","footnotes":""},"class_list":["post-722","page","type-page","status-publish","hentry"],"yoast_head":"<!-- This site is optimized with the Yoast SEO plugin v26.9 - https:\/\/yoast.com\/product\/yoast-seo-wordpress\/ -->\n<title>Mentions l\u00e9gales -<\/title>\n<meta name=\"robots\" content=\"index, follow, max-snippet:-1, max-image-preview:large, max-video-preview:-1\" \/>\n<link rel=\"canonical\" href=\"https:\/\/www.ignitera.com\/fr_fr\/mentions-legales\/\" \/>\n<meta property=\"og:locale\" content=\"fr_FR\" \/>\n<meta property=\"og:type\" content=\"article\" \/>\n<meta property=\"og:title\" content=\"Mentions l\u00e9gales -\" \/>\n<meta property=\"og:description\" content=\"Mentions l\u00e9galesIgnitera est une entreprise sp\u00e9cialis\u00e9e dans les activit\u00e9s de direction strat\u00e9gique et de pilotage d\u2019entreprises.Elle est bas\u00e9e \u00e0 Marseille, en France. En vertu de l\u2019article 6 de la loi n\u00b0 2004-575 du 21 juin 2004 pour la confiance dans l\u2019\u00e9conomie num\u00e9rique, il est pr\u00e9cis\u00e9 aux utilisateurs du site internet www.ignitera.com l\u2019identit\u00e9 des diff\u00e9rents intervenants [&hellip;]\" \/>\n<meta property=\"og:url\" content=\"https:\/\/www.ignitera.com\/fr_fr\/mentions-legales\/\" \/>\n<meta property=\"article:modified_time\" content=\"2025-09-12T15:32:34+00:00\" \/>\n<meta name=\"twitter:card\" content=\"summary_large_image\" \/>\n<script type=\"application\/ld+json\" class=\"yoast-schema-graph\">{\"@context\":\"https:\/\/schema.org\",\"@graph\":[{\"@type\":\"WebPage\",\"@id\":\"https:\/\/www.ignitera.com\/fr_fr\/mentions-legales\/\",\"url\":\"https:\/\/www.ignitera.com\/fr_fr\/mentions-legales\/\",\"name\":\"Mentions l\u00e9gales -\",\"isPartOf\":{\"@id\":\"https:\/\/www.ignitera.com\/#website\"},\"datePublished\":\"2025-07-25T13:20:32+00:00\",\"dateModified\":\"2025-09-12T15:32:34+00:00\",\"breadcrumb\":{\"@id\":\"https:\/\/www.ignitera.com\/fr_fr\/mentions-legales\/#breadcrumb\"},\"inLanguage\":\"fr-FR\",\"potentialAction\":[{\"@type\":\"ReadAction\",\"target\":[\"https:\/\/www.ignitera.com\/fr_fr\/mentions-legales\/\"]}]},{\"@type\":\"BreadcrumbList\",\"@id\":\"https:\/\/www.ignitera.com\/fr_fr\/mentions-legales\/#breadcrumb\",\"itemListElement\":[{\"@type\":\"ListItem\",\"position\":1,\"name\":\"Accueil\",\"item\":\"https:\/\/www.ignitera.com\/fr_fr\/\"},{\"@type\":\"ListItem\",\"position\":2,\"name\":\"Mentions l\u00e9gales\"}]},{\"@type\":\"WebSite\",\"@id\":\"https:\/\/www.ignitera.com\/#website\",\"url\":\"https:\/\/www.ignitera.com\/\",\"name\":\"Ignitera\",\"description\":\"\",\"publisher\":{\"@id\":\"https:\/\/www.ignitera.com\/#organization\"},\"potentialAction\":[{\"@type\":\"SearchAction\",\"target\":{\"@type\":\"EntryPoint\",\"urlTemplate\":\"https:\/\/www.ignitera.com\/?s={search_term_string}\"},\"query-input\":{\"@type\":\"PropertyValueSpecification\",\"valueRequired\":true,\"valueName\":\"search_term_string\"}}],\"inLanguage\":\"fr-FR\"},{\"@type\":\"Organization\",\"@id\":\"https:\/\/www.ignitera.com\/#organization\",\"name\":\"Ignitera\",\"url\":\"https:\/\/www.ignitera.com\/\",\"logo\":{\"@type\":\"ImageObject\",\"inLanguage\":\"fr-FR\",\"@id\":\"https:\/\/www.ignitera.com\/#\/schema\/logo\/image\/\",\"url\":\"https:\/\/www.ignitera.com\/wp-content\/uploads\/2025\/04\/Logo-ignitera-scaled.png\",\"contentUrl\":\"https:\/\/www.ignitera.com\/wp-content\/uploads\/2025\/04\/Logo-ignitera-scaled.png\",\"width\":2560,\"height\":676,\"caption\":\"Ignitera\"},\"image\":{\"@id\":\"https:\/\/www.ignitera.com\/#\/schema\/logo\/image\/\"}}]}<\/script>\n<!-- \/ Yoast SEO plugin. -->","yoast_head_json":{"title":"Mentions l\u00e9gales -","robots":{"index":"index","follow":"follow","max-snippet":"max-snippet:-1","max-image-preview":"max-image-preview:large","max-video-preview":"max-video-preview:-1"},"canonical":"https:\/\/www.ignitera.com\/fr_fr\/mentions-legales\/","og_locale":"fr_FR","og_type":"article","og_title":"Mentions l\u00e9gales -","og_description":"Mentions l\u00e9galesIgnitera est une entreprise sp\u00e9cialis\u00e9e dans les activit\u00e9s de direction strat\u00e9gique et de pilotage d\u2019entreprises.Elle est bas\u00e9e \u00e0 Marseille, en France. En vertu de l\u2019article 6 de la loi n\u00b0 2004-575 du 21 juin 2004 pour la confiance dans l\u2019\u00e9conomie num\u00e9rique, il est pr\u00e9cis\u00e9 aux utilisateurs du site internet www.ignitera.com l\u2019identit\u00e9 des diff\u00e9rents intervenants [&hellip;]","og_url":"https:\/\/www.ignitera.com\/fr_fr\/mentions-legales\/","article_modified_time":"2025-09-12T15:32:34+00:00","twitter_card":"summary_large_image","schema":{"@context":"https:\/\/schema.org","@graph":[{"@type":"WebPage","@id":"https:\/\/www.ignitera.com\/fr_fr\/mentions-legales\/","url":"https:\/\/www.ignitera.com\/fr_fr\/mentions-legales\/","name":"Mentions l\u00e9gales -","isPartOf":{"@id":"https:\/\/www.ignitera.com\/#website"},"datePublished":"2025-07-25T13:20:32+00:00","dateModified":"2025-09-12T15:32:34+00:00","breadcrumb":{"@id":"https:\/\/www.ignitera.com\/fr_fr\/mentions-legales\/#breadcrumb"},"inLanguage":"fr-FR","potentialAction":[{"@type":"ReadAction","target":["https:\/\/www.ignitera.com\/fr_fr\/mentions-legales\/"]}]},{"@type":"BreadcrumbList","@id":"https:\/\/www.ignitera.com\/fr_fr\/mentions-legales\/#breadcrumb","itemListElement":[{"@type":"ListItem","position":1,"name":"Accueil","item":"https:\/\/www.ignitera.com\/fr_fr\/"},{"@type":"ListItem","position":2,"name":"Mentions l\u00e9gales"}]},{"@type":"WebSite","@id":"https:\/\/www.ignitera.com\/#website","url":"https:\/\/www.ignitera.com\/","name":"Ignitera","description":"","publisher":{"@id":"https:\/\/www.ignitera.com\/#organization"},"potentialAction":[{"@type":"SearchAction","target":{"@type":"EntryPoint","urlTemplate":"https:\/\/www.ignitera.com\/?s={search_term_string}"},"query-input":{"@type":"PropertyValueSpecification","valueRequired":true,"valueName":"search_term_string"}}],"inLanguage":"fr-FR"},{"@type":"Organization","@id":"https:\/\/www.ignitera.com\/#organization","name":"Ignitera","url":"https:\/\/www.ignitera.com\/","logo":{"@type":"ImageObject","inLanguage":"fr-FR","@id":"https:\/\/www.ignitera.com\/#\/schema\/logo\/image\/","url":"https:\/\/www.ignitera.com\/wp-content\/uploads\/2025\/04\/Logo-ignitera-scaled.png","contentUrl":"https:\/\/www.ignitera.com\/wp-content\/uploads\/2025\/04\/Logo-ignitera-scaled.png","width":2560,"height":676,"caption":"Ignitera"},"image":{"@id":"https:\/\/www.ignitera.com\/#\/schema\/logo\/image\/"}}]}},"_links":{"self":[{"href":"https:\/\/www.ignitera.com\/fr_fr\/wp-json\/wp\/v2\/pages\/722","targetHints":{"allow":["GET"]}}],"collection":[{"href":"https:\/\/www.ignitera.com\/fr_fr\/wp-json\/wp\/v2\/pages"}],"about":[{"href":"https:\/\/www.ignitera.com\/fr_fr\/wp-json\/wp\/v2\/types\/page"}],"author":[{"embeddable":true,"href":"https:\/\/www.ignitera.com\/fr_fr\/wp-json\/wp\/v2\/users\/7"}],"replies":[{"embeddable":true,"href":"https:\/\/www.ignitera.com\/fr_fr\/wp-json\/wp\/v2\/comments?post=722"}],"version-history":[{"count":6,"href":"https:\/\/www.ignitera.com\/fr_fr\/wp-json\/wp\/v2\/pages\/722\/revisions"}],"predecessor-version":[{"id":761,"href":"https:\/\/www.ignitera.com\/fr_fr\/wp-json\/wp\/v2\/pages\/722\/revisions\/761"}],"wp:attachment":[{"href":"https:\/\/www.ignitera.com\/fr_fr\/wp-json\/wp\/v2\/media?parent=722"}],"curies":[{"name":"wp","href":"https:\/\/api.w.org\/{rel}","templated":true}]}}