{"id":727,"date":"2025-07-25T15:27:52","date_gmt":"2025-07-25T13:27:52","guid":{"rendered":"https:\/\/www.ignitera.com\/?page_id=727"},"modified":"2025-09-12T17:30:49","modified_gmt":"2025-09-12T15:30:49","slug":"politique-de-confidentialite","status":"publish","type":"page","link":"https:\/\/www.ignitera.com\/fr_fr\/politique-de-confidentialite\/","title":{"rendered":"Politique de confidentialit\u00e9"},"content":{"rendered":"<p>[et_pb_section fb_built=\u00a0\u00bb1&Prime; _builder_version=\u00a0\u00bb4.27.4&Prime; _module_preset=\u00a0\u00bbdefault\u00a0\u00bb global_colors_info=\u00a0\u00bb{}\u00a0\u00bb][et_pb_row _builder_version=\u00a0\u00bb4.27.4&Prime; _module_preset=\u00a0\u00bbdefault\u00a0\u00bb global_colors_info=\u00a0\u00bb{}\u00a0\u00bb][et_pb_column type=\u00a0\u00bb4_4&Prime; _builder_version=\u00a0\u00bb4.27.4&Prime; _module_preset=\u00a0\u00bbdefault\u00a0\u00bb global_colors_info=\u00a0\u00bb{}\u00a0\u00bb][et_pb_text _builder_version=\u00a0\u00bb4.27.4&Prime; _module_preset=\u00a0\u00bbdefault\u00a0\u00bb global_colors_info=\u00a0\u00bb{}\u00a0\u00bb]<\/p>\n<h1 style=\"text-align: left;\">Politique de confidentialit\u00e9<\/h1>\n<p>[\/et_pb_text][et_pb_text _builder_version=\u00a0\u00bb4.27.4&Prime; _module_preset=\u00a0\u00bbdefault\u00a0\u00bb hover_enabled=\u00a0\u00bb0&Prime; global_colors_info=\u00a0\u00bb{}\u00a0\u00bb sticky_enabled=\u00a0\u00bb0&Prime;]<\/p>\n<h3 data-start=\"223\" data-end=\"247\" style=\"text-align: left;\"><strong data-start=\"226\" data-end=\"247\">Qui sommes-nous ?<\/strong><\/h3>\n<p data-start=\"249\" data-end=\"478\" style=\"text-align: left;\">Vos donn\u00e9es personnelles sont importantes pour <strong data-start=\"296\" data-end=\"308\">Ignitera<\/strong>.<br data-start=\"309\" data-end=\"312\" \/>Nous sommes une soci\u00e9t\u00e9 par actions simplifi\u00e9e (SAS), bas\u00e9e \u00e0 <strong data-start=\"374\" data-end=\"387\">Marseille<\/strong>, sp\u00e9cialis\u00e9e dans les <strong data-start=\"410\" data-end=\"477\">activit\u00e9s de direction strat\u00e9gique et de pilotage d\u2019entreprises<\/strong>.<\/p>\n<p data-start=\"480\" data-end=\"625\" style=\"text-align: left;\">Adresse du si\u00e8ge social :<\/p>\n<p data-start=\"480\" data-end=\"625\" style=\"text-align: left;\">Ignitera- Sud &amp; Cascade Conseil<br data-start=\"505\" data-end=\"508\" \/>16, traverse le M\u00e9e- 13008 MARSEILLE<br data-start=\"553\" data-end=\"556\" \/>SIREN : 978 652386 \u2013 SIRET : 978 652 386 00019 \u2013 TVA :\u00a0FR67978652386<\/p>\n<h3 data-start=\"632\" data-end=\"693\" style=\"text-align: left;\"><strong data-start=\"635\" data-end=\"693\">Politique relative aux donn\u00e9es personnelles collect\u00e9es<\/strong><\/h3>\n<p data-start=\"695\" data-end=\"924\" style=\"text-align: left;\">Il est possible de naviguer sur le site <strong data-start=\"735\" data-end=\"755\"><a data-start=\"737\" data-end=\"753\" rel=\"noopener\" target=\"_new\" class=\"cursor-pointer\">www.ignitera.com<\/a><\/strong> sans fournir de donn\u00e9es personnelles.<br data-start=\"793\" data-end=\"796\" \/>Cependant, dans certains cas (formulaire de contact, abonnement \u00e0 une newsletter, etc.), vous pouvez \u00eatre amen\u00e9\u00b7e \u00e0 renseigner :<\/p>\n<ul data-start=\"926\" data-end=\"1012\" style=\"text-align: left;\">\n<li data-start=\"926\" data-end=\"941\">\n<p data-start=\"928\" data-end=\"941\">Nom, pr\u00e9nom<\/p>\n<\/li>\n<li data-start=\"942\" data-end=\"966\">\n<p data-start=\"944\" data-end=\"966\">Adresse \u00e9lectronique<\/p>\n<\/li>\n<li data-start=\"967\" data-end=\"990\">\n<p data-start=\"969\" data-end=\"990\">Num\u00e9ro de t\u00e9l\u00e9phone<\/p>\n<\/li>\n<li data-start=\"991\" data-end=\"1012\">\n<p data-start=\"993\" data-end=\"1012\">Soci\u00e9t\u00e9 et fonction<\/p>\n<\/li>\n<\/ul>\n<p data-start=\"1014\" data-end=\"1156\" style=\"text-align: left;\">En soumettant ces informations, vous acceptez qu\u2019elles soient trait\u00e9es par <strong data-start=\"1089\" data-end=\"1101\">Ignitera<\/strong> \u00e0 des fins de gestion commerciale et de communication.<strong data-start=\"1166\" data-end=\"1213\"><\/strong><\/p>\n<h3 data-start=\"1163\" data-end=\"1213\" style=\"text-align: left;\"><strong data-start=\"1166\" data-end=\"1213\">Donn\u00e9es collect\u00e9es et finalit\u00e9s de collecte<\/strong><\/h3>\n<h4 data-start=\"1215\" data-end=\"1247\" style=\"text-align: left;\"><strong data-start=\"1219\" data-end=\"1245\">Formulaires de contact<\/strong><\/h4>\n<p data-start=\"1248\" data-end=\"1344\" style=\"text-align: left;\">Les donn\u00e9es collect\u00e9es via les formulaires sont limit\u00e9es au strict n\u00e9cessaire. Elles servent \u00e0 :<\/p>\n<ul data-start=\"1346\" data-end=\"1522\" style=\"text-align: left;\">\n<li data-start=\"1346\" data-end=\"1366\">\n<p data-start=\"1348\" data-end=\"1366\">Vous recontacter<\/p>\n<\/li>\n<li data-start=\"1367\" data-end=\"1394\">\n<p data-start=\"1369\" data-end=\"1394\">R\u00e9pondre \u00e0 vos demandes<\/p>\n<\/li>\n<li data-start=\"1395\" data-end=\"1428\">\n<p data-start=\"1397\" data-end=\"1428\">Analyser les besoins exprim\u00e9s<\/p>\n<\/li>\n<li data-start=\"1429\" data-end=\"1471\">\n<p data-start=\"1431\" data-end=\"1471\">D\u00e9tecter des opportunit\u00e9s commerciales<\/p>\n<\/li>\n<li data-start=\"1472\" data-end=\"1522\">\n<p data-start=\"1474\" data-end=\"1522\">R\u00e9aliser des statistiques d\u2019audience anonymis\u00e9es<\/p>\n<\/li>\n<\/ul>\n<p data-start=\"1524\" data-end=\"1654\" style=\"text-align: left;\">Les donn\u00e9es sont conserv\u00e9es de mani\u00e8re s\u00e9curis\u00e9e et ne sont pas partag\u00e9es en dehors des outils internes utilis\u00e9s par <strong data-start=\"1641\" data-end=\"1653\">Ignitera<\/strong>.<\/p>\n<h4 data-start=\"1661\" data-end=\"1675\" style=\"text-align: left;\"><strong data-start=\"1664\" data-end=\"1675\">Cookies<\/strong><\/h4>\n<p data-start=\"1677\" data-end=\"1794\" style=\"text-align: left;\">Lors de votre navigation sur notre site, des cookies peuvent \u00eatre d\u00e9pos\u00e9s sur votre terminal. Ces cookies servent \u00e0 :<\/p>\n<ul data-start=\"1796\" data-end=\"1890\" style=\"text-align: left;\">\n<li data-start=\"1796\" data-end=\"1826\">\n<p data-start=\"1798\" data-end=\"1826\">Am\u00e9liorer votre navigation<\/p>\n<\/li>\n<li data-start=\"1827\" data-end=\"1890\">\n<p data-start=\"1829\" data-end=\"1890\">R\u00e9aliser des mesures d\u2019audience anonymes via Google Analytics<\/p>\n<\/li>\n<\/ul>\n<p data-start=\"1892\" data-end=\"1980\" style=\"text-align: left;\">Un bandeau d&rsquo;information vous permet d&rsquo;accepter ou de refuser les cookies \u00e0 tout moment.<\/p>\n<p data-start=\"1982\" data-end=\"2165\" style=\"text-align: left;\">Pour plus d\u2019informations sur la politique de Google en mati\u00e8re de confidentialit\u00e9, consultez :<br data-start=\"2076\" data-end=\"2079\" \/><a data-start=\"2079\" data-end=\"2165\" class=\"\" rel=\"noopener\" target=\"_new\" href=\"https:\/\/policies.google.com\/privacy?hl=fr\">https:\/\/policies.google.com\/privacy?hl=fr<\/a><\/p>\n<h4 data-start=\"2172\" data-end=\"2219\" style=\"text-align: left;\"><strong data-start=\"2175\" data-end=\"2219\">Contenus embarqu\u00e9s depuis d\u2019autres sites<\/strong><\/h4>\n<p data-start=\"2221\" data-end=\"2400\" style=\"text-align: left;\">Certaines pages du site peuvent inclure des contenus externes (vid\u00e9os, cartes, etc.).<br data-start=\"2306\" data-end=\"2309\" \/>Ces contenus se comportent comme si vous visitiez directement le site d\u2019origine, qui peut :<\/p>\n<ul data-start=\"2402\" data-end=\"2492\" style=\"text-align: left;\">\n<li data-start=\"2402\" data-end=\"2440\">\n<p data-start=\"2404\" data-end=\"2440\">Collecter des donn\u00e9es personnelles<\/p>\n<\/li>\n<li data-start=\"2441\" data-end=\"2464\">\n<p data-start=\"2443\" data-end=\"2464\">D\u00e9poser des cookies<\/p>\n<\/li>\n<li data-start=\"2465\" data-end=\"2492\">\n<p data-start=\"2467\" data-end=\"2492\">Suivre vos interactions<\/p>\n<\/li>\n<\/ul>\n<p data-start=\"2494\" data-end=\"2592\" style=\"text-align: left;\">Nous vous conseillons de consulter les politiques de confidentialit\u00e9 des services tiers concern\u00e9s.<\/p>\n<h4 data-start=\"2962\" data-end=\"2981\" style=\"text-align: left;\"><strong data-start=\"2965\" data-end=\"2981\">Commentaires<\/strong><\/h4>\n<p data-start=\"2983\" data-end=\"3224\" style=\"text-align: left;\">Si des commentaires sont activ\u00e9s sur le site, les informations laiss\u00e9es (nom, message, email, etc.) peuvent \u00eatre collect\u00e9es ainsi que l\u2019adresse IP et le navigateur utilis\u00e9, \u00e0 des fins de lutte contre le spam ou pour r\u00e9pondre \u00e0 votre message.<\/p>\n<h3 data-start=\"3231\" data-end=\"3271\" style=\"text-align: left;\"><strong data-start=\"3234\" data-end=\"3271\">Dur\u00e9e de conservation des donn\u00e9es<\/strong><\/h3>\n<p data-start=\"3273\" data-end=\"3302\" style=\"text-align: left;\">Nous conservons vos donn\u00e9es :<\/p>\n<ul data-start=\"3304\" data-end=\"3537\" style=\"text-align: left;\">\n<li data-start=\"3304\" data-end=\"3337\">\n<p data-start=\"3306\" data-end=\"3337\"><strong data-start=\"3306\" data-end=\"3317\">Cookies<\/strong> : maximum 13 mois<\/p>\n<\/li>\n<li data-start=\"3338\" data-end=\"3440\">\n<p data-start=\"3340\" data-end=\"3440\"><strong data-start=\"3340\" data-end=\"3362\">Donn\u00e9es de contact<\/strong> (email, t\u00e9l\u00e9phone, messages) : maximum 2 ans apr\u00e8s le dernier contact actif<\/p>\n<\/li>\n<li data-start=\"3441\" data-end=\"3537\">\n<p data-start=\"3443\" data-end=\"3537\"><strong data-start=\"3443\" data-end=\"3484\">Donn\u00e9es issues de campagnes marketing<\/strong> : suppression automatique apr\u00e8s inactivit\u00e9 prolong\u00e9e<\/p>\n<\/li>\n<\/ul>\n<p data-start=\"3539\" data-end=\"3624\" style=\"text-align: left;\">Aucune donn\u00e9e sensible (mot de passe, carte bancaire) n\u2019est collect\u00e9e via notre site.<\/p>\n<h3 data-start=\"3631\" data-end=\"3671\" style=\"text-align: left;\"><strong data-start=\"3634\" data-end=\"3671\">Vos droits concernant vos donn\u00e9es<\/strong><\/h3>\n<p data-start=\"3673\" data-end=\"3700\" style=\"text-align: left;\">Vous pouvez \u00e0 tout moment :<\/p>\n<ul data-start=\"3702\" data-end=\"3795\" style=\"text-align: left;\">\n<li data-start=\"3702\" data-end=\"3736\">\n<p data-start=\"3704\" data-end=\"3736\">Demander l\u2019acc\u00e8s \u00e0 vos donn\u00e9es<\/p>\n<\/li>\n<li data-start=\"3737\" data-end=\"3767\">\n<p data-start=\"3739\" data-end=\"3767\">Demander leur modification<\/p>\n<\/li>\n<li data-start=\"3768\" data-end=\"3795\">\n<p data-start=\"3770\" data-end=\"3795\">Demander leur suppression<\/p>\n<\/li>\n<\/ul>\n<p data-start=\"3797\" data-end=\"3918\" style=\"text-align: left;\">Pour cela, vous pouvez nous contacter via notre formulaire de contact ou \u00e0 l\u2019adresse suivante : <span>cedric @ ignitera.com<\/span><\/p>\n<h3 data-start=\"3925\" data-end=\"3954\" style=\"text-align: left;\"><strong data-start=\"3928\" data-end=\"3954\">Protection des donn\u00e9es<\/strong><\/h3>\n<p data-start=\"3956\" data-end=\"4191\" style=\"text-align: left;\">Nous utilisons des h\u00e9bergeurs, outils et extensions r\u00e9guli\u00e8rement mis \u00e0 jour.<br data-start=\"4033\" data-end=\"4036\" \/>Nous limitons le recours aux sous-traitants pour minimiser les risques de fuite.<br data-start=\"4116\" data-end=\"4119\" \/>Nous assurons une veille permanente sur les failles de s\u00e9curit\u00e9 connues.<\/p>\n<h3 data-start=\"4198\" data-end=\"4235\" style=\"text-align: left;\"><strong data-start=\"4201\" data-end=\"4235\">Notification en cas d\u2019incident<\/strong><\/h3>\n<p data-start=\"4237\" data-end=\"4283\" style=\"text-align: left;\">En cas de faille de s\u00e9curit\u00e9 constat\u00e9e, nous :<\/p>\n<ul data-start=\"4285\" data-end=\"4439\" style=\"text-align: left;\">\n<li data-start=\"4285\" data-end=\"4325\">\n<p data-start=\"4287\" data-end=\"4325\">Agissons rapidement pour la corriger<\/p>\n<\/li>\n<li data-start=\"4326\" data-end=\"4369\">\n<p data-start=\"4328\" data-end=\"4369\">Informons toutes les parties concern\u00e9es<\/p>\n<\/li>\n<li data-start=\"4370\" data-end=\"4439\">\n<p data-start=\"4372\" data-end=\"4439\">Communiquons de mani\u00e8re transparente jusqu\u2019\u00e0 la r\u00e9solution compl\u00e8te<\/p>\n<\/li>\n<\/ul>\n<p data-start=\"4446\" data-end=\"4485\" style=\"text-align: left;\"><strong data-start=\"4446\" data-end=\"4467\"><\/strong><\/p>\n<p data-start=\"4446\" data-end=\"4485\" style=\"text-align: left;\"><strong data-start=\"4446\" data-end=\"4467\"><\/strong><\/p>\n<p data-start=\"4446\" data-end=\"4485\" style=\"text-align: left;\"><strong data-start=\"4446\" data-end=\"4467\">Derni\u00e8re r\u00e9vision<\/strong> : septembre 2025<\/p>\n<p>[\/et_pb_text][\/et_pb_column][\/et_pb_row][\/et_pb_section]<\/p>\n","protected":false},"excerpt":{"rendered":"<p>Politique de confidentialit\u00e9Qui sommes-nous ? Vos donn\u00e9es personnelles sont importantes pour Ignitera.Nous sommes une soci\u00e9t\u00e9 par actions simplifi\u00e9e (SAS), bas\u00e9e \u00e0 Marseille, sp\u00e9cialis\u00e9e dans les activit\u00e9s de direction strat\u00e9gique et de pilotage d\u2019entreprises. Adresse du si\u00e8ge social : Ignitera- Sud &amp; Cascade Conseil16, traverse le M\u00e9e- 13008 MARSEILLESIREN : 978 652386 \u2013 SIRET : 978 [&hellip;]<\/p>\n","protected":false},"author":7,"featured_media":0,"parent":0,"menu_order":0,"comment_status":"closed","ping_status":"closed","template":"","meta":{"_et_pb_use_builder":"on","_et_pb_old_content":"","_et_gb_content_width":"","content-type":"","footnotes":""},"class_list":["post-727","page","type-page","status-publish","hentry"],"yoast_head":"<!-- This site is optimized with the Yoast SEO plugin v26.9 - https:\/\/yoast.com\/product\/yoast-seo-wordpress\/ -->\n<title>Politique de confidentialit\u00e9 -<\/title>\n<meta name=\"robots\" content=\"index, follow, max-snippet:-1, max-image-preview:large, max-video-preview:-1\" \/>\n<link rel=\"canonical\" href=\"https:\/\/www.ignitera.com\/fr_fr\/politique-de-confidentialite\/\" \/>\n<meta property=\"og:locale\" content=\"fr_FR\" \/>\n<meta property=\"og:type\" content=\"article\" \/>\n<meta property=\"og:title\" content=\"Politique de confidentialit\u00e9 -\" \/>\n<meta property=\"og:description\" content=\"Politique de confidentialit\u00e9Qui sommes-nous ? Vos donn\u00e9es personnelles sont importantes pour Ignitera.Nous sommes une soci\u00e9t\u00e9 par actions simplifi\u00e9e (SAS), bas\u00e9e \u00e0 Marseille, sp\u00e9cialis\u00e9e dans les activit\u00e9s de direction strat\u00e9gique et de pilotage d\u2019entreprises. Adresse du si\u00e8ge social : Ignitera- Sud &amp; Cascade Conseil16, traverse le M\u00e9e- 13008 MARSEILLESIREN : 978 652386 \u2013 SIRET : 978 [&hellip;]\" \/>\n<meta property=\"og:url\" content=\"https:\/\/www.ignitera.com\/fr_fr\/politique-de-confidentialite\/\" \/>\n<meta property=\"article:modified_time\" content=\"2025-09-12T15:30:49+00:00\" \/>\n<meta name=\"twitter:card\" content=\"summary_large_image\" \/>\n<script type=\"application\/ld+json\" class=\"yoast-schema-graph\">{\"@context\":\"https:\/\/schema.org\",\"@graph\":[{\"@type\":\"WebPage\",\"@id\":\"https:\/\/www.ignitera.com\/fr_fr\/politique-de-confidentialite\/\",\"url\":\"https:\/\/www.ignitera.com\/fr_fr\/politique-de-confidentialite\/\",\"name\":\"Politique de confidentialit\u00e9 -\",\"isPartOf\":{\"@id\":\"https:\/\/www.ignitera.com\/#website\"},\"datePublished\":\"2025-07-25T13:27:52+00:00\",\"dateModified\":\"2025-09-12T15:30:49+00:00\",\"breadcrumb\":{\"@id\":\"https:\/\/www.ignitera.com\/fr_fr\/politique-de-confidentialite\/#breadcrumb\"},\"inLanguage\":\"fr-FR\",\"potentialAction\":[{\"@type\":\"ReadAction\",\"target\":[\"https:\/\/www.ignitera.com\/fr_fr\/politique-de-confidentialite\/\"]}]},{\"@type\":\"BreadcrumbList\",\"@id\":\"https:\/\/www.ignitera.com\/fr_fr\/politique-de-confidentialite\/#breadcrumb\",\"itemListElement\":[{\"@type\":\"ListItem\",\"position\":1,\"name\":\"Accueil\",\"item\":\"https:\/\/www.ignitera.com\/fr_fr\/\"},{\"@type\":\"ListItem\",\"position\":2,\"name\":\"Politique de confidentialit\u00e9\"}]},{\"@type\":\"WebSite\",\"@id\":\"https:\/\/www.ignitera.com\/#website\",\"url\":\"https:\/\/www.ignitera.com\/\",\"name\":\"Ignitera\",\"description\":\"\",\"publisher\":{\"@id\":\"https:\/\/www.ignitera.com\/#organization\"},\"potentialAction\":[{\"@type\":\"SearchAction\",\"target\":{\"@type\":\"EntryPoint\",\"urlTemplate\":\"https:\/\/www.ignitera.com\/?s={search_term_string}\"},\"query-input\":{\"@type\":\"PropertyValueSpecification\",\"valueRequired\":true,\"valueName\":\"search_term_string\"}}],\"inLanguage\":\"fr-FR\"},{\"@type\":\"Organization\",\"@id\":\"https:\/\/www.ignitera.com\/#organization\",\"name\":\"Ignitera\",\"url\":\"https:\/\/www.ignitera.com\/\",\"logo\":{\"@type\":\"ImageObject\",\"inLanguage\":\"fr-FR\",\"@id\":\"https:\/\/www.ignitera.com\/#\/schema\/logo\/image\/\",\"url\":\"https:\/\/www.ignitera.com\/wp-content\/uploads\/2025\/04\/Logo-ignitera-scaled.png\",\"contentUrl\":\"https:\/\/www.ignitera.com\/wp-content\/uploads\/2025\/04\/Logo-ignitera-scaled.png\",\"width\":2560,\"height\":676,\"caption\":\"Ignitera\"},\"image\":{\"@id\":\"https:\/\/www.ignitera.com\/#\/schema\/logo\/image\/\"}}]}<\/script>\n<!-- \/ Yoast SEO plugin. -->","yoast_head_json":{"title":"Politique de confidentialit\u00e9 -","robots":{"index":"index","follow":"follow","max-snippet":"max-snippet:-1","max-image-preview":"max-image-preview:large","max-video-preview":"max-video-preview:-1"},"canonical":"https:\/\/www.ignitera.com\/fr_fr\/politique-de-confidentialite\/","og_locale":"fr_FR","og_type":"article","og_title":"Politique de confidentialit\u00e9 -","og_description":"Politique de confidentialit\u00e9Qui sommes-nous ? Vos donn\u00e9es personnelles sont importantes pour Ignitera.Nous sommes une soci\u00e9t\u00e9 par actions simplifi\u00e9e (SAS), bas\u00e9e \u00e0 Marseille, sp\u00e9cialis\u00e9e dans les activit\u00e9s de direction strat\u00e9gique et de pilotage d\u2019entreprises. Adresse du si\u00e8ge social : Ignitera- Sud &amp; Cascade Conseil16, traverse le M\u00e9e- 13008 MARSEILLESIREN : 978 652386 \u2013 SIRET : 978 [&hellip;]","og_url":"https:\/\/www.ignitera.com\/fr_fr\/politique-de-confidentialite\/","article_modified_time":"2025-09-12T15:30:49+00:00","twitter_card":"summary_large_image","schema":{"@context":"https:\/\/schema.org","@graph":[{"@type":"WebPage","@id":"https:\/\/www.ignitera.com\/fr_fr\/politique-de-confidentialite\/","url":"https:\/\/www.ignitera.com\/fr_fr\/politique-de-confidentialite\/","name":"Politique de confidentialit\u00e9 -","isPartOf":{"@id":"https:\/\/www.ignitera.com\/#website"},"datePublished":"2025-07-25T13:27:52+00:00","dateModified":"2025-09-12T15:30:49+00:00","breadcrumb":{"@id":"https:\/\/www.ignitera.com\/fr_fr\/politique-de-confidentialite\/#breadcrumb"},"inLanguage":"fr-FR","potentialAction":[{"@type":"ReadAction","target":["https:\/\/www.ignitera.com\/fr_fr\/politique-de-confidentialite\/"]}]},{"@type":"BreadcrumbList","@id":"https:\/\/www.ignitera.com\/fr_fr\/politique-de-confidentialite\/#breadcrumb","itemListElement":[{"@type":"ListItem","position":1,"name":"Accueil","item":"https:\/\/www.ignitera.com\/fr_fr\/"},{"@type":"ListItem","position":2,"name":"Politique de confidentialit\u00e9"}]},{"@type":"WebSite","@id":"https:\/\/www.ignitera.com\/#website","url":"https:\/\/www.ignitera.com\/","name":"Ignitera","description":"","publisher":{"@id":"https:\/\/www.ignitera.com\/#organization"},"potentialAction":[{"@type":"SearchAction","target":{"@type":"EntryPoint","urlTemplate":"https:\/\/www.ignitera.com\/?s={search_term_string}"},"query-input":{"@type":"PropertyValueSpecification","valueRequired":true,"valueName":"search_term_string"}}],"inLanguage":"fr-FR"},{"@type":"Organization","@id":"https:\/\/www.ignitera.com\/#organization","name":"Ignitera","url":"https:\/\/www.ignitera.com\/","logo":{"@type":"ImageObject","inLanguage":"fr-FR","@id":"https:\/\/www.ignitera.com\/#\/schema\/logo\/image\/","url":"https:\/\/www.ignitera.com\/wp-content\/uploads\/2025\/04\/Logo-ignitera-scaled.png","contentUrl":"https:\/\/www.ignitera.com\/wp-content\/uploads\/2025\/04\/Logo-ignitera-scaled.png","width":2560,"height":676,"caption":"Ignitera"},"image":{"@id":"https:\/\/www.ignitera.com\/#\/schema\/logo\/image\/"}}]}},"_links":{"self":[{"href":"https:\/\/www.ignitera.com\/fr_fr\/wp-json\/wp\/v2\/pages\/727","targetHints":{"allow":["GET"]}}],"collection":[{"href":"https:\/\/www.ignitera.com\/fr_fr\/wp-json\/wp\/v2\/pages"}],"about":[{"href":"https:\/\/www.ignitera.com\/fr_fr\/wp-json\/wp\/v2\/types\/page"}],"author":[{"embeddable":true,"href":"https:\/\/www.ignitera.com\/fr_fr\/wp-json\/wp\/v2\/users\/7"}],"replies":[{"embeddable":true,"href":"https:\/\/www.ignitera.com\/fr_fr\/wp-json\/wp\/v2\/comments?post=727"}],"version-history":[{"count":4,"href":"https:\/\/www.ignitera.com\/fr_fr\/wp-json\/wp\/v2\/pages\/727\/revisions"}],"predecessor-version":[{"id":760,"href":"https:\/\/www.ignitera.com\/fr_fr\/wp-json\/wp\/v2\/pages\/727\/revisions\/760"}],"wp:attachment":[{"href":"https:\/\/www.ignitera.com\/fr_fr\/wp-json\/wp\/v2\/media?parent=727"}],"curies":[{"name":"wp","href":"https:\/\/api.w.org\/{rel}","templated":true}]}}